{"id":6025,"date":"2022-06-20T10:45:26","date_gmt":"2022-06-20T15:45:26","guid":{"rendered":"http:\/\/elsolinsurance.three.zysites.com\/about-us\/"},"modified":"2023-10-09T15:17:06","modified_gmt":"2023-10-09T20:17:06","slug":"about-us","status":"publish","type":"page","link":"https:\/\/www.elsolinsurance.com\/es\/about-us\/","title":{"rendered":"Acerca de nosotros"},"content":{"rendered":"<h2>El Sol Insurance, Compa\u00f1\u00eda de Seguros #1 en Las Vegas<\/h2>\n<h3>AYUDANDO A AHORRAR EN SEGUROS DURANTE M\u00c1S DE 20 A\u00d1OS.<\/h3>\n<p>El Sol Compa\u00f1\u00eda de seguros n\u00famero uno en Las Vegas, ayud\u00e1ndole a ahorrar en seguros durante m\u00e1s de 20 a\u00f1os. Cotiza gratis para SR 22, Seguros de Auto, Seguros M\u00e9xico, Seguros de Hogar, Seguros de Vida, Seguros Comerciales.<\/p>\n","protected":false},"excerpt":{"rendered":"<p>El Sol Insurance, Compa\u00f1\u00eda de Seguros #1 en Las Vegas AYUDANDO A AHORRAR EN SEGUROS DURANTE M\u00c1S DE 20 A\u00d1OS. El Sol Compa\u00f1\u00eda de seguros n\u00famero uno en Las Vegas, ayud\u00e1ndole a ahorrar en seguros durante m\u00e1s de 20 a\u00f1os. Cotiza gratis para SR 22, Seguros de Auto, Seguros M\u00e9xico, Seguros de Hogar, Seguros de [&hellip;]<\/p>\n","protected":false},"author":35,"featured_media":0,"parent":0,"menu_order":0,"comment_status":"closed","ping_status":"closed","template":"","meta":{"_acf_changed":false,"_seopress_robots_primary_cat":null,"_seopress_titles_title":"","_seopress_titles_desc":"","_seopress_robots_index":"","_analytify_skip_tracking":false,"footnotes":""},"class_list":["post-6025","page","type-page","status-publish","hentry"],"acf":[],"_links":{"self":[{"href":"https:\/\/www.elsolinsurance.com\/es\/wp-json\/wp\/v2\/pages\/6025","targetHints":{"allow":["GET"]}}],"collection":[{"href":"https:\/\/www.elsolinsurance.com\/es\/wp-json\/wp\/v2\/pages"}],"about":[{"href":"https:\/\/www.elsolinsurance.com\/es\/wp-json\/wp\/v2\/types\/page"}],"author":[{"embeddable":true,"href":"https:\/\/www.elsolinsurance.com\/es\/wp-json\/wp\/v2\/users\/35"}],"replies":[{"embeddable":true,"href":"https:\/\/www.elsolinsurance.com\/es\/wp-json\/wp\/v2\/comments?post=6025"}],"version-history":[{"count":0,"href":"https:\/\/www.elsolinsurance.com\/es\/wp-json\/wp\/v2\/pages\/6025\/revisions"}],"wp:attachment":[{"href":"https:\/\/www.elsolinsurance.com\/es\/wp-json\/wp\/v2\/media?parent=6025"}],"curies":[{"name":"wp","href":"https:\/\/api.w.org\/{rel}","templated":true}]}}